{"id":2133,"date":"2023-01-24T08:00:34","date_gmt":"2023-01-24T07:00:34","guid":{"rendered":"https:\/\/coachinapp.com\/product\/avance\/"},"modified":"2024-07-06T07:34:47","modified_gmt":"2024-07-06T06:34:47","slug":"avance","status":"publish","type":"product","link":"https:\/\/coachinapp.com\/fr\/produit\/avance\/","title":{"rendered":"AVANC\u00c9"},"content":{"rendered":"<p>Qu\u2019allez-vous apprendre ?<\/p>\n<ul>\n<li>Au niveau Avanc\u00e9, vous poursuivrez l\u2019exercice \u00ab O\u00f9 \u00eates-vous \u00bb en cr\u00e9ant un plan d\u2019action sp\u00e9cifique, sous votre contr\u00f4le et mesurable.<\/li>\n<li>L\u2019exercice \u00ab Notez-vous \u00bb est compl\u00e9t\u00e9 au niveau avanc\u00e9 en \u00e9tablissant des actions cibl\u00e9es pour renforcer les domaines dans lesquels vous souhaitez vous am\u00e9liorer.<\/li>\n<li>Vous apprenez \u00e0 v\u00e9rifier la validit\u00e9 de votre choix afin qu\u2019il corresponde \u00e0 vos valeurs et \u00e0 votre identit\u00e9.<\/li>\n<li>Apprenez \u00e0 \u00e9valuer ce qui vous convient le mieux.<\/li>\n<li>Vous apprendrez \u00e0 suivre ce qui vous correspond le mieux.<br \/>\nAu niveau avanc\u00e9 de l\u2019exercice \u00ab Avec qui \u00eates-vous \u00bb, vous d\u00e9terminerez les nouvelles r\u00e9f\u00e9rences \u00e0 cr\u00e9er pour vous soutenir dans votre parcours.<\/li>\n<li>Vous commencerez \u00e0 r\u00e9fl\u00e9chir \u00e0 la fa\u00e7on de remplir votre appel inn\u00e9.<\/li>\n<li>Vous pouvez r\u00e9fl\u00e9chir \u00e0 ce que vous pouvez faire d\u2019autre pour am\u00e9liorer votre rendement et \u00e0 la fa\u00e7on dont vous pouvez aider les autres \u00e0 le faire.<\/li>\n<li>Vous ferez une analyse d\u00e9taill\u00e9e des ressources n\u00e9cessaires et d\u00e9terminerez ce qu\u2019il faut ajouter, au niveau Avanc\u00e9, vous pouvez \u00e9tablir un plan d\u2019action pour suivre vos priorit\u00e9s.<\/li>\n<li>Au niveau Avanc\u00e9, vous continuerez l\u2019exercice en cadrant le march\u00e9 cible de votre id\u00e9e, vous v\u00e9rifierez que votre produit ou service est conforme \u00e0 vous, vous effectuerez une v\u00e9rification suppl\u00e9mentaire de ce qui a \u00e9t\u00e9 appris jusqu\u2019\u00e0 pr\u00e9sent.<\/li>\n<\/ul>\n","protected":false},"excerpt":{"rendered":"<p>Faites passer vos connaissances des exercices au niveau sup\u00e9rieur ! D\u00e9couvrez ici comment \u00e9voluent les \u00e9tapes des treize exercices de base.<\/p>\n<p>Si vous commencez \u00e0 partir de ce niveau, vous trouverez l\u2019exercice divis\u00e9 en niveau de base et niveau avanc\u00e9.<\/p>\n<p>Tous les dix jours, vous recevrez un e-mail de Coachinapp pour vous soutenir dans votre parcours, et vous recevrez gratuitement toutes les futures mises \u00e0 jour.<\/p>\n","protected":false},"featured_media":1978,"template":"","meta":{"_seopress_robots_primary_cat":"none","_seopress_titles_title":"","_seopress_titles_desc":"","_seopress_robots_index":"","site-sidebar-layout":"default","site-content-layout":"default","ast-site-content-layout":"default","site-content-style":"default","site-sidebar-style":"default","ast-global-header-display":"","ast-banner-title-visibility":"","ast-main-header-display":"","ast-hfb-above-header-display":"","ast-hfb-below-header-display":"","ast-hfb-mobile-header-display":"","site-post-title":"","ast-breadcrumbs-content":"","ast-featured-img":"","footer-sml-layout":"","theme-transparent-header-meta":"default","adv-header-id-meta":"","stick-header-meta":"","header-above-stick-meta":"","header-main-stick-meta":"","header-below-stick-meta":"","astra-migrate-meta-layouts":"set","ast-page-background-enabled":"default","ast-page-background-meta":{"desktop":{"background-color":"","background-image":"","background-repeat":"repeat","background-position":"center center","background-size":"auto","background-attachment":"scroll","background-type":"","background-media":"","overlay-type":"","overlay-color":"","overlay-opacity":"","overlay-gradient":""},"tablet":{"background-color":"","background-image":"","background-repeat":"repeat","background-position":"center center","background-size":"auto","background-attachment":"scroll","background-type":"","background-media":"","overlay-type":"","overlay-color":"","overlay-opacity":"","overlay-gradient":""},"mobile":{"background-color":"","background-image":"","background-repeat":"repeat","background-position":"center center","background-size":"auto","background-attachment":"scroll","background-type":"","background-media":"","overlay-type":"","overlay-color":"","overlay-opacity":"","overlay-gradient":""}},"ast-content-background-meta":{"desktop":{"background-color":"var(--ast-global-color-5)","background-image":"","background-repeat":"repeat","background-position":"center center","background-size":"auto","background-attachment":"scroll","background-type":"","background-media":"","overlay-type":"","overlay-color":"","overlay-opacity":"","overlay-gradient":""},"tablet":{"background-color":"var(--ast-global-color-5)","background-image":"","background-repeat":"repeat","background-position":"center center","background-size":"auto","background-attachment":"scroll","background-type":"","background-media":"","overlay-type":"","overlay-color":"","overlay-opacity":"","overlay-gradient":""},"mobile":{"background-color":"var(--ast-global-color-5)","background-image":"","background-repeat":"repeat","background-position":"center center","background-size":"auto","background-attachment":"scroll","background-type":"","background-media":"","overlay-type":"","overlay-color":"","overlay-opacity":"","overlay-gradient":""}}},"product_brand":[],"product_cat":[84,89,86,85,87],"product_tag":[88,90,91],"class_list":{"0":"post-2133","1":"product","2":"type-product","3":"status-publish","4":"has-post-thumbnail","6":"product_cat-accompagnement-au-changement","7":"product_cat-coaching-avance","8":"product_cat-coaching-de-base","9":"product_cat-entraineur","10":"product_cat-outils-de-coaching","11":"product_tag-accompagnement-au-changement","12":"product_tag-coaching-avance","13":"product_tag-outils-de-coaching","14":"desktop-align-left","15":"tablet-align-left","16":"mobile-align-left","17":"ast-product-gallery-layout-horizontal-slider","18":"ast-product-gallery-with-no-image","19":"ast-product-tabs-layout-horizontal","21":"first","22":"instock","23":"virtual","24":"purchasable","25":"product-type-simple"},"_links":{"self":[{"href":"https:\/\/coachinapp.com\/fr\/wp-json\/wp\/v2\/product\/2133","targetHints":{"allow":["GET"]}}],"collection":[{"href":"https:\/\/coachinapp.com\/fr\/wp-json\/wp\/v2\/product"}],"about":[{"href":"https:\/\/coachinapp.com\/fr\/wp-json\/wp\/v2\/types\/product"}],"wp:featuredmedia":[{"embeddable":true,"href":"https:\/\/coachinapp.com\/fr\/wp-json\/wp\/v2\/media\/1978"}],"wp:attachment":[{"href":"https:\/\/coachinapp.com\/fr\/wp-json\/wp\/v2\/media?parent=2133"}],"wp:term":[{"taxonomy":"product_brand","embeddable":true,"href":"https:\/\/coachinapp.com\/fr\/wp-json\/wp\/v2\/product_brand?post=2133"},{"taxonomy":"product_cat","embeddable":true,"href":"https:\/\/coachinapp.com\/fr\/wp-json\/wp\/v2\/product_cat?post=2133"},{"taxonomy":"product_tag","embeddable":true,"href":"https:\/\/coachinapp.com\/fr\/wp-json\/wp\/v2\/product_tag?post=2133"}],"curies":[{"name":"wp","href":"https:\/\/api.w.org\/{rel}","templated":true}]}}